{"id":2391,"date":"2021-12-05T20:16:35","date_gmt":"2021-12-05T20:16:35","guid":{"rendered":"https:\/\/awasake.or.jp\/fr\/?page_id=2391"},"modified":"2025-01-29T04:17:41","modified_gmt":"2025-01-29T04:17:41","slug":"brasseursjaponais","status":"publish","type":"page","link":"https:\/\/awasake.or.jp\/fr\/brasseursjaponais\/","title":{"rendered":"Association"},"content":{"rendered":"<p>[et_pb_section fb_built=\u00a0\u00bb1&Prime; admin_label=\u00a0\u00bbsection\u00a0\u00bb _builder_version=\u00a0\u00bb4.16&Prime; global_colors_info=\u00a0\u00bb{}\u00a0\u00bb][et_pb_row admin_label=\u00a0\u00bbrow\u00a0\u00bb _builder_version=\u00a0\u00bb4.16&Prime; background_size=\u00a0\u00bbinitial\u00a0\u00bb background_position=\u00a0\u00bbtop_left\u00a0\u00bb background_repeat=\u00a0\u00bbrepeat\u00a0\u00bb global_colors_info=\u00a0\u00bb{}\u00a0\u00bb][et_pb_column type=\u00a0\u00bb4_4&Prime; _builder_version=\u00a0\u00bb4.16&Prime; custom_padding=\u00a0\u00bb|||\u00a0\u00bb global_colors_info=\u00a0\u00bb{}\u00a0\u00bb custom_padding__hover=\u00a0\u00bb|||\u00a0\u00bb][\/et_pb_column][\/et_pb_row][\/et_pb_section]<\/p>\n","protected":false},"excerpt":{"rendered":"","protected":false},"author":1,"featured_media":0,"parent":0,"menu_order":0,"comment_status":"closed","ping_status":"closed","template":"","meta":{"_et_pb_use_builder":"on","_et_pb_old_content":"","_et_gb_content_width":"","footnotes":""},"class_list":["post-2391","page","type-page","status-publish","hentry"],"yoast_head":"<!-- This site is optimized with the Yoast SEO plugin v25.7 - https:\/\/yoast.com\/wordpress\/plugins\/seo\/ -->\n<title>AWA SAKE - Association du sak\u00e9 p\u00e9tillant<\/title>\n<meta name=\"description\" content=\"L&#039;association du sak\u00e9 p\u00e9tillant du Japon, est une association constitu\u00e9e en corporation, cr\u00e9\u00e9e en novembre 2016 par et pour les brasseurs Japonais produisant du sak\u00e9 p\u00e9tillant.\" \/>\n<meta name=\"robots\" content=\"index, follow, max-snippet:-1, max-image-preview:large, max-video-preview:-1\" \/>\n<link rel=\"canonical\" href=\"https:\/\/awasake.or.jp\/fr\/brasseursjaponais\/\" \/>\n<meta property=\"og:locale\" content=\"fr_FR\" \/>\n<meta property=\"og:type\" content=\"article\" \/>\n<meta property=\"og:title\" content=\"AWA SAKE - Association du sak\u00e9 p\u00e9tillant\" \/>\n<meta property=\"og:description\" content=\"L&#039;association du sak\u00e9 p\u00e9tillant du Japon, est une association constitu\u00e9e en corporation, cr\u00e9\u00e9e en novembre 2016 par et pour les brasseurs Japonais produisant du sak\u00e9 p\u00e9tillant.\" \/>\n<meta property=\"og:url\" content=\"https:\/\/awasake.or.jp\/fr\/brasseursjaponais\/\" \/>\n<meta property=\"og:site_name\" content=\"AWASAKE\" \/>\n<meta property=\"article:modified_time\" content=\"2025-01-29T04:17:41+00:00\" \/>\n<meta property=\"og:image\" content=\"https:\/\/awasake.or.jp\/fr\/wp-content\/uploads\/sites\/2\/2021\/12\/AWASAKA_Association-Mobile.png\" \/>\n\t<meta property=\"og:image:width\" content=\"281\" \/>\n\t<meta property=\"og:image:height\" content=\"310\" \/>\n\t<meta property=\"og:image:type\" content=\"image\/png\" \/>\n<meta name=\"twitter:card\" content=\"summary_large_image\" \/>\n<meta name=\"twitter:label1\" content=\"Dur\u00e9e de lecture estim\u00e9e\" \/>\n\t<meta name=\"twitter:data1\" content=\"1 minute\" \/>\n<script type=\"application\/ld+json\" class=\"yoast-schema-graph\">{\"@context\":\"https:\/\/schema.org\",\"@graph\":[{\"@type\":\"WebPage\",\"@id\":\"https:\/\/awasake.or.jp\/fr\/brasseursjaponais\/\",\"url\":\"https:\/\/awasake.or.jp\/fr\/brasseursjaponais\/\",\"name\":\"AWA SAKE - Association du sak\u00e9 p\u00e9tillant\",\"isPartOf\":{\"@id\":\"https:\/\/awasake.or.jp\/fr\/#website\"},\"datePublished\":\"2021-12-05T20:16:35+00:00\",\"dateModified\":\"2025-01-29T04:17:41+00:00\",\"description\":\"L'association du sak\u00e9 p\u00e9tillant du Japon, est une association constitu\u00e9e en corporation, cr\u00e9\u00e9e en novembre 2016 par et pour les brasseurs Japonais produisant du sak\u00e9 p\u00e9tillant.\",\"breadcrumb\":{\"@id\":\"https:\/\/awasake.or.jp\/fr\/brasseursjaponais\/#breadcrumb\"},\"inLanguage\":\"fr-FR\",\"potentialAction\":[{\"@type\":\"ReadAction\",\"target\":[\"https:\/\/awasake.or.jp\/fr\/brasseursjaponais\/\"]}]},{\"@type\":\"BreadcrumbList\",\"@id\":\"https:\/\/awasake.or.jp\/fr\/brasseursjaponais\/#breadcrumb\",\"itemListElement\":[{\"@type\":\"ListItem\",\"position\":1,\"name\":\"Home\",\"item\":\"https:\/\/awasake.or.jp\/fr\/\"},{\"@type\":\"ListItem\",\"position\":2,\"name\":\"Association\"}]},{\"@type\":\"WebSite\",\"@id\":\"https:\/\/awasake.or.jp\/fr\/#website\",\"url\":\"https:\/\/awasake.or.jp\/fr\/\",\"name\":\"AWASAKE\",\"description\":\"A Sparkling drink made from pure rice. Japanese AWA SAKE\",\"potentialAction\":[{\"@type\":\"SearchAction\",\"target\":{\"@type\":\"EntryPoint\",\"urlTemplate\":\"https:\/\/awasake.or.jp\/fr\/?s={search_term_string}\"},\"query-input\":{\"@type\":\"PropertyValueSpecification\",\"valueRequired\":true,\"valueName\":\"search_term_string\"}}],\"inLanguage\":\"fr-FR\"}]}<\/script>\n<!-- \/ Yoast SEO plugin. -->","yoast_head_json":{"title":"AWA SAKE - Association du sak\u00e9 p\u00e9tillant","description":"L'association du sak\u00e9 p\u00e9tillant du Japon, est une association constitu\u00e9e en corporation, cr\u00e9\u00e9e en novembre 2016 par et pour les brasseurs Japonais produisant du sak\u00e9 p\u00e9tillant.","robots":{"index":"index","follow":"follow","max-snippet":"max-snippet:-1","max-image-preview":"max-image-preview:large","max-video-preview":"max-video-preview:-1"},"canonical":"https:\/\/awasake.or.jp\/fr\/brasseursjaponais\/","og_locale":"fr_FR","og_type":"article","og_title":"AWA SAKE - Association du sak\u00e9 p\u00e9tillant","og_description":"L'association du sak\u00e9 p\u00e9tillant du Japon, est une association constitu\u00e9e en corporation, cr\u00e9\u00e9e en novembre 2016 par et pour les brasseurs Japonais produisant du sak\u00e9 p\u00e9tillant.","og_url":"https:\/\/awasake.or.jp\/fr\/brasseursjaponais\/","og_site_name":"AWASAKE","article_modified_time":"2025-01-29T04:17:41+00:00","og_image":[{"width":281,"height":310,"url":"https:\/\/awasake.or.jp\/fr\/wp-content\/uploads\/sites\/2\/2021\/12\/AWASAKA_Association-Mobile.png","type":"image\/png"}],"twitter_card":"summary_large_image","twitter_misc":{"Dur\u00e9e de lecture estim\u00e9e":"1 minute"},"schema":{"@context":"https:\/\/schema.org","@graph":[{"@type":"WebPage","@id":"https:\/\/awasake.or.jp\/fr\/brasseursjaponais\/","url":"https:\/\/awasake.or.jp\/fr\/brasseursjaponais\/","name":"AWA SAKE - Association du sak\u00e9 p\u00e9tillant","isPartOf":{"@id":"https:\/\/awasake.or.jp\/fr\/#website"},"datePublished":"2021-12-05T20:16:35+00:00","dateModified":"2025-01-29T04:17:41+00:00","description":"L'association du sak\u00e9 p\u00e9tillant du Japon, est une association constitu\u00e9e en corporation, cr\u00e9\u00e9e en novembre 2016 par et pour les brasseurs Japonais produisant du sak\u00e9 p\u00e9tillant.","breadcrumb":{"@id":"https:\/\/awasake.or.jp\/fr\/brasseursjaponais\/#breadcrumb"},"inLanguage":"fr-FR","potentialAction":[{"@type":"ReadAction","target":["https:\/\/awasake.or.jp\/fr\/brasseursjaponais\/"]}]},{"@type":"BreadcrumbList","@id":"https:\/\/awasake.or.jp\/fr\/brasseursjaponais\/#breadcrumb","itemListElement":[{"@type":"ListItem","position":1,"name":"Home","item":"https:\/\/awasake.or.jp\/fr\/"},{"@type":"ListItem","position":2,"name":"Association"}]},{"@type":"WebSite","@id":"https:\/\/awasake.or.jp\/fr\/#website","url":"https:\/\/awasake.or.jp\/fr\/","name":"AWASAKE","description":"A Sparkling drink made from pure rice. Japanese AWA SAKE","potentialAction":[{"@type":"SearchAction","target":{"@type":"EntryPoint","urlTemplate":"https:\/\/awasake.or.jp\/fr\/?s={search_term_string}"},"query-input":{"@type":"PropertyValueSpecification","valueRequired":true,"valueName":"search_term_string"}}],"inLanguage":"fr-FR"}]}},"_links":{"self":[{"href":"https:\/\/awasake.or.jp\/fr\/wp-json\/wp\/v2\/pages\/2391","targetHints":{"allow":["GET"]}}],"collection":[{"href":"https:\/\/awasake.or.jp\/fr\/wp-json\/wp\/v2\/pages"}],"about":[{"href":"https:\/\/awasake.or.jp\/fr\/wp-json\/wp\/v2\/types\/page"}],"author":[{"embeddable":true,"href":"https:\/\/awasake.or.jp\/fr\/wp-json\/wp\/v2\/users\/1"}],"replies":[{"embeddable":true,"href":"https:\/\/awasake.or.jp\/fr\/wp-json\/wp\/v2\/comments?post=2391"}],"version-history":[{"count":5,"href":"https:\/\/awasake.or.jp\/fr\/wp-json\/wp\/v2\/pages\/2391\/revisions"}],"predecessor-version":[{"id":3342,"href":"https:\/\/awasake.or.jp\/fr\/wp-json\/wp\/v2\/pages\/2391\/revisions\/3342"}],"wp:attachment":[{"href":"https:\/\/awasake.or.jp\/fr\/wp-json\/wp\/v2\/media?parent=2391"}],"curies":[{"name":"wp","href":"https:\/\/api.w.org\/{rel}","templated":true}]}}